{"id":10,"date":"2026-02-17T13:42:15","date_gmt":"2026-02-17T13:42:15","guid":{"rendered":"https:\/\/remad.net.pl\/index.php\/about-theme\/"},"modified":"2026-02-22T17:33:36","modified_gmt":"2026-02-22T17:33:36","slug":"o-nas","status":"publish","type":"page","link":"https:\/\/remad.net.pl\/","title":{"rendered":"O Nas"},"content":{"rendered":"\n<h2 class=\"wp-block-heading\"><\/h2>\n\n\n\n<p style=\"font-size:18px\">Jeste\u015bmy firm\u0105 specjalizuj\u0105c\u0105 si\u0119 w remontach i kompleksowym wyka\u0144czaniu wn\u0119trz na terenie Rzeszowa. Dzia\u0142amy nieprzerwanie od 2015 roku, realizuj\u0105c zar\u00f3wno mniejsze prace modernizacyjne, jak i kompleksowe inwestycje \u201epod klucz\u201d.<\/p>\n\n\n\n<p style=\"font-size:18px\">Stawiamy na jako\u015b\u0107, terminowo\u015b\u0107 oraz pe\u0142ne wsparcie klienta na ka\u017cdym etapie realizacji.<\/p>\n\n\n\n<hr class=\"wp-block-separator has-alpha-channel-opacity\"\/>\n\n\n\n<h1 class=\"wp-block-heading has-text-align-center\" style=\"font-size:22px;letter-spacing:1px\"><strong>Zakres us\u0142ug<\/strong><\/h1>\n\n\n\n<h3 class=\"wp-block-heading\" style=\"font-size:18px\"><strong>Odbiory mieszka\u0144 i analiza nieruchomo\u015bci<\/strong>:<\/h3>\n\n\n\n<ul class=\"wp-block-list\">\n<li>Odbiory nowych mieszka\u0144 od deweloper\u00f3w,<\/li>\n\n\n\n<li>Analiza koszt\u00f3w oraz zakresu prac lokali z rynku wt\u00f3rnego,<\/li>\n\n\n\n<li>Weryfikacja jako\u015bci wykonania i identyfikacja usterek.<\/li>\n<\/ul>\n\n\n\n<h3 class=\"wp-block-heading\" style=\"font-size:18px\"><strong>Prace rozbi\u00f3rkowe i przygotowawcze<\/strong>:<\/h3>\n\n\n\n<ul class=\"wp-block-list\">\n<li>Rozbi\u00f3rka i demonta\u017c wyposa\u017cenia lokali &#8211; demonta\u017c starych instalacji, prace wyburzeniowe, usuwanie subitu, wybijanie nowych otwor\u00f3w drzwiowych\/okiennych,<\/li>\n\n\n\n<li>Utylizacja odpad\u00f3w budowlanych<\/li>\n\n\n\n<li>Przygotowanie pomieszcze\u0144 do dalszych etap\u00f3w prac<\/li>\n<\/ul>\n\n\n\n<h3 class=\"wp-block-heading\" style=\"font-size:18px\"><strong>Zakup i transport<\/strong>:<\/h3>\n\n\n\n<ul class=\"wp-block-list\">\n<li>Zakup oraz transport materia\u0142\u00f3w budowlanych,<\/li>\n\n\n\n<li>Organizacja i dostawa wyposa\u017cenia mieszkania na \u017cyczenie klienta,<\/li>\n\n\n\n<li>Optymalizacja koszt\u00f3w poprzez wsp\u00f3\u0142prac\u0119 ze sprawdzonymi dostawcami.<\/li>\n<\/ul>\n\n\n\n<h3 class=\"wp-block-heading\" style=\"font-size:18px\"><strong>Kompleksowa realizacja prac budowlanych<\/strong>:<\/h3>\n\n\n\n<p>Realizujemy pe\u0142en zakres prac:<\/p>\n\n\n\n<ul class=\"wp-block-list\">\n<li>stawianie \u015bcian i prace tynkarskie,<\/li>\n\n\n\n<li>sucha zabudowa,<\/li>\n\n\n\n<li>monta\u017c instalacji elektrycznych, elektrotechnicznych oraz wod-kan,<\/li>\n\n\n\n<li>prace glazurnicze, bia\u0142y monta\u017c,<\/li>\n\n\n\n<li>wykonywanie g\u0142adzi natryskowo,<\/li>\n\n\n\n<li>malowanie metod\u0105 tradycyjn\u0105 oraz natryskowo,<\/li>\n\n\n\n<li>monta\u017c drzwi i pod\u0142\u00f3g,<\/li>\n\n\n\n<li>tapetowanie oraz monta\u017c sztukaterii,<\/li>\n\n\n\n<li>monta\u017c mebli, o\u015bwietlenia, element\u00f3w dekoracyjnych.<\/li>\n<\/ul>\n\n\n\n<h3 class=\"wp-block-heading\" style=\"font-size:18px\"><strong>Doradztwo techniczne i wsparcie projektowe<\/strong>:<\/h3>\n\n\n\n<ul class=\"wp-block-list\">\n<li>analiza projekt\u00f3w architektonicznych i propozycja metod ich realizacji,<\/li>\n\n\n\n<li>w przypadku braku projektu pomagamy w planowaniu pomieszcze\u0144 \u2013 zar\u00f3wno pod k\u0105tem ergonomii, jak i estetyki<\/li>\n\n\n\n<li> pomagamy w stworzeniu koncepcji aran\u017cacji dopasowanej do potrzeb i bud\u017cetu klienta.<\/li>\n<\/ul>\n\n\n\n<h3 class=\"wp-block-heading\" style=\"font-size:18px\"><strong>Nadz\u00f3r i dokumentacja budowlana<\/strong><\/h3>\n\n\n\n<ul class=\"wp-block-list\">\n<li>przy inwestycjach wymagaj\u0105cych pozwolenia na budow\u0119 posiadamy odpowiednie uprawnienia do prowadzenia nadzoru i uzupe\u0142niania dokumentacji budowlanej (m.in. dziennika budowy).<\/li>\n<\/ul>\n\n\n\n<p><\/p>\n\n\n\n<p class=\"just-text\" style=\"font-size:18px\">Nieustannie si\u0119 rozwijamy \u2013 zar\u00f3wno pod wzgl\u0119dem merytorycznym, regularnie podnosz\u0105c nasze kwalifikacje i wdra\u017caj\u0105c nowoczesne rozwi\u0105zania na dynamicznie zmieniaj\u0105cym si\u0119 rynku budowlanym, jak i technicznym, inwestuj\u0105c w nowoczesny sprz\u0119t, kt\u00f3ry usprawnia nasz\u0105 prac\u0119 oraz pozwala realizowa\u0107 j\u0105 jeszcze precyzyjniej i na wy\u017cszym poziomie jako\u015bci.<\/p>\n\n\n\n<p><\/p>\n\n\n\n<p class=\"has-text-align-right italic-text\" style=\"font-size:26px;font-style:italic;font-weight:400;letter-spacing:0px\">Zaufa\u0142o nam dziesi\u0105tki klient\u00f3w!<\/p>\n\n\n\n<p><\/p>\n\n\n\n<p><\/p>\n","protected":false},"excerpt":{"rendered":"<p>Jeste\u015bmy firm\u0105 specjalizuj\u0105c\u0105 si\u0119 w remontach i kompleksowym wyka\u0144czaniu wn\u0119trz na terenie Rzeszowa. Dzia\u0142amy nieprzerwanie od 2015 roku, realizuj\u0105c zar\u00f3wno mniejsze prace modernizacyjne, jak i kompleksowe inwestycje \u201epod klucz\u201d. Stawiamy na jako\u015b\u0107, terminowo\u015b\u0107 oraz pe\u0142ne wsparcie klienta na ka\u017cdym etapie realizacji. Zakres us\u0142ug Odbiory mieszka\u0144 i analiza nieruchomo\u015bci: Prace rozbi\u00f3rkowe i przygotowawcze: Zakup i transport: &hellip; <\/p>\n<p class=\"link-more\"><a href=\"https:\/\/remad.net.pl\/\" class=\"more-link\">Czytaj dalej<span class=\"screen-reader-text\"> \u201eO Nas\u201d<\/span><\/a><\/p>\n","protected":false},"author":1,"featured_media":0,"parent":0,"menu_order":0,"comment_status":"closed","ping_status":"closed","template":"","meta":{"footnotes":""},"class_list":["post-10","page","type-page","status-publish","hentry"],"_links":{"self":[{"href":"https:\/\/remad.net.pl\/index.php\/wp-json\/wp\/v2\/pages\/10","targetHints":{"allow":["GET"]}}],"collection":[{"href":"https:\/\/remad.net.pl\/index.php\/wp-json\/wp\/v2\/pages"}],"about":[{"href":"https:\/\/remad.net.pl\/index.php\/wp-json\/wp\/v2\/types\/page"}],"author":[{"embeddable":true,"href":"https:\/\/remad.net.pl\/index.php\/wp-json\/wp\/v2\/users\/1"}],"replies":[{"embeddable":true,"href":"https:\/\/remad.net.pl\/index.php\/wp-json\/wp\/v2\/comments?post=10"}],"version-history":[{"count":36,"href":"https:\/\/remad.net.pl\/index.php\/wp-json\/wp\/v2\/pages\/10\/revisions"}],"predecessor-version":[{"id":220,"href":"https:\/\/remad.net.pl\/index.php\/wp-json\/wp\/v2\/pages\/10\/revisions\/220"}],"wp:attachment":[{"href":"https:\/\/remad.net.pl\/index.php\/wp-json\/wp\/v2\/media?parent=10"}],"curies":[{"name":"wp","href":"https:\/\/api.w.org\/{rel}","templated":true}]}}